{"id":14,"date":"2009-04-03T21:47:46","date_gmt":"2009-04-03T19:47:46","guid":{"rendered":"http:\/\/grillkurse.de\/?page_id=14"},"modified":"2025-12-09T10:28:20","modified_gmt":"2025-12-09T08:28:20","slug":"kurse","status":"publish","type":"page","link":"https:\/\/www.grillweltmeister.de\/?page_id=14","title":{"rendered":"Kurse"},"content":{"rendered":"<hr \/>\n<\/p>\n<p style=\"text-align: justify;\"><strong><a name=\"aufbaukurs\"><\/a><span style=\"color: #6f333f;\"><span style=\"font-size: large;\">Aufbaukurs<\/span><\/span><\/strong><\/p>\n<p>Der Kurs baut auf Interesse und den allgemeinen Grillerfahrungen der Teilnehmer auf und ist auch f\u00fcr Anf\u00e4nger geeignet. Im theoretischen Teil des Aufbaukurses wird ein fundierter Einblick in die verschiedenen Garmachungsarten (z.B. direktes \/ indirektes Grillen), Ger\u00e4tekunde sowie \u00fcber die einzelnen Garzeiten des Grillgutes gegeben. Die Grillger\u00e4te werden nach ihren Hitzequellen behandelt (Holzkohle, Gas, Strom) und der richtige Umgang ge\u00fcbt.<br \/>\nIm praktischen Teil gibt es einfache und rustikale Tipps und Rezepte f\u00fcr die n\u00e4chste Grillparty. Zubereitet werden Vorspeisen, ein zweiteiliger Hauptgang und ein einfaches Dessert. Das gemeinsame Verspeisen des gegrillten Gutes w\u00e4hrend des Kurses ist selbstverst\u00e4ndlich.<br \/>\nJeder Absolvent erh\u00e4lt eine Arbeitssch\u00fcrze, Rezeptblatt und ein Teilnehmerzertifikat.<\/p>\n<p><span style=\"color: #6f333f;\"><strong>Kursdauer: 4-5 Stunden<\/strong><\/span><br \/>\n<span style=\"color: #6f333f;\"><strong> Kursgeb\u00fchr (p. Person, inkl. Speisen): 99,00 \u20ac<\/strong><\/span><\/p>\n<hr \/>\n<p style=\"text-align: justify;\"><strong><a name=\"burger-kunde\"><\/a><span style=\"color: #6f333f;\"><span style=\"font-size: large;\">Burger-Kunde\/Dutch Oven Kurs<br \/>\n<\/span><\/span><\/strong><\/p>\n<p>Ein Bogen zwischen Hamburg und Manhatten, schlicht bis designed, beefig bis vegetarisch &#8211; immer schmackhaft! Das gemeinsame Verspeisen des gegrillten Gutes w\u00e4hrend des Kurses ist selbstverst\u00e4ndlich.<br \/>\nJeder Absolvent erh\u00e4lt eine Arbeitssch\u00fcrze, Rezeptblatt und ein Teilnehmerzertifikat.<\/p>\n<p><span style=\"color: #6f333f;\"><strong>Kursdauer: 4-5 Stunden<\/strong><\/span><br \/>\n<span style=\"color: #6f333f;\"><strong> Kursgeb\u00fchr (p. Person, inkl. Speisen): 103,00 \u20ac<\/strong><\/span><\/p>\n<hr \/>\n<p><span style=\"font-size: large;\"><strong><a name=\"masterkurs\"><\/a><span style=\"color: #6f333f;\">Masterkurs<\/span><\/strong><\/span><\/p>\n<p>Der Masterkurs basiert auf den schon erworbenen Kenntnissen des Aufbaukurses (Ger\u00e4tekunde und Medium Feuer). Im theoretischen Teil werden die einzelnen Garzeiten Ihres Grillgutes behandelt.<br \/>\nIm praktischen Teil werden gehobene Zubereitungstipps f\u00fcr die n\u00e4chste Grillfeier gegeben. Feine Marinaden werden zubereitet, wie auch verfeinerte Vorspeisen, Vegetarisches als Zwischengericht und ein dreiteiliger Hauptgang (Rind oder Schwein, Gefl\u00fcgel, Lamm) und Dessertvariationen. Das gemeinsame Verspeisen des gegrillten Gutes w\u00e4hrend des Kurses ist selbstverst\u00e4ndlich.<br \/>\nJeder Absolvent erh\u00e4lt eine Arbeitssch\u00fcrze, Rezeptblatt und ein Teilnehmerzertifikat in der Kategorie -Master-.<\/p>\n<p><span style=\"color: #6f333f;\"><strong>Kursdauer: 4 &#8211; 5 Stunden<\/strong><\/span><br \/>\n<span style=\"color: #6f333f;\"><strong> Kursgeb\u00fchr (p. Person, inkl. Speisen): 103,00 \u20ac<\/strong><\/span><\/p>\n<hr \/>\n<p><span style=\"font-size: large;\"><strong><a name=\"fischkurs\"><\/a><span style=\"color: #6f333f;\">Fisch Grillkurs<\/span><\/strong><\/span><\/p>\n<p>Im theoretischen Teil des Fisch Grillkurses erhalten Sie einen grundlegenden Einblick in den unterschiedlichen Umgang mit verschiedensten Fischsorten (z.B. Garmachungsarten, Garzeiten, Chemie).<br \/>\nEs gibt eine kleine Einf\u00fchrung f\u00fcr den richtigen Umgang der anzuwendenden Grillger\u00e4te.<br \/>\nDie Auswahl der Fischprodukte richtet sich nach Fang, Schon- sowie Laichzeiten.<br \/>\nIm praktischen Teil erhalten Sie Tipps f\u00fcr Ihren n\u00e4chste Grillparty. Sie werden ein Vier-Gang-Men\u00fc (Vorspeise, Zwischengericht, Hauptspeise, Dessert) zubereiten.<br \/>\nNat\u00fcrlich werden Sie auch erfahren welche Art von Marinade am Besten zu Ihrem Grill-Fisch passt.<br \/>\nDas gemeinsame Verspeisen des gegrillten Gutes w\u00e4hrend des Kurses ist selbstverst\u00e4ndlich.<br \/>\nJeder Absolvent erh\u00e4lt eine Arbeitssch\u00fcrze, Rezeptblatt und ein Teilnehmerzertifikat in der Kategorie -Fisch-.<\/p>\n<p><span style=\"color: #6f333f;\"><strong>Kursdauer: 4 Stunden<\/strong><\/span><br \/>\n<span style=\"color: #6f333f;\"><strong> Kursgeb\u00fchr (p. Person, inkl. Speisen): 103,00 \u20ac<\/strong><\/span><\/p>\n<hr \/>\n<p><span style=\"font-size: large;\"><strong><span style=\"color: #6f333f;\">Original American Barbecue<\/span><br \/>\n<\/strong><\/span><br \/>\nBarbecue mit Kohle, Holzkohle und Gas.<\/p>\n<p>Sie arbeiten mit Ahornsirup, Waldhonig; stellen nord- und s\u00fcdamerikanische Grillw\u00fcrzungen und Barbecue Saucen her. Es werden im Smoker Langzeitgarst\u00fccke (Roastbeef und Spareribs) gegrillt. Auf dem Grill werden T-Bone Steaks, verschiedene Gem\u00fcsearten sowie Kartoffelvariationen gegart.<br \/>\nDes Weiteren erlernen Sie die Zubereitung eines typisch amerikanischen Desserts.<br \/>\nDas gemeinsame Verspeisen des gegrillten Gutes w\u00e4hrend des Kurses ist selbstverst\u00e4ndlich.<br \/>\nJeder Absolvent erh\u00e4lt eine Arbeitssch\u00fcrze, Rezeptblatt und ein Teilnehmerzertifikat in der Kategorie \u2013Original American BBQ-.<\/p>\n<p><span style=\"color: #6f333f;\"><strong>Kursdauer: 7-8 Stunden<\/strong><\/span><br \/>\n<span style=\"color: #6f333f;\"><strong> Kursgeb\u00fchr (p. Person, inkl. Speisen): 135,00 \u20ac<\/strong><\/span><\/p>\n<hr \/>\n<p><strong><span style=\"color: #800000; font-size: large;\">Wintergrillkurs<\/span><br \/>\n<\/strong><\/p>\n<p>Im Kugelgrill, Dutch Oven und im Smoker werden sich jahreszeitlich empfehlende Lebensmittel, meist aus der Region, zubereitet. Th\u00fcringer Puten, Enten und Schweine bilden den \u201efleischlichen\u201c Grundton, der mit Lauch, Maronen und Walln\u00fcssen begleitet wird.<\/p>\n<p>Wie immer gibt es ein Menue, dass mit einem Dessert endet. Aromatisch getoppt wird mit Honig, Marzipan, Kokosraspeln und Orangenabrieb.<\/p>\n<p>Das gemeinsame Verspeisen des gegrillten Gutes w\u00e4hrend des Kurses ist selbstverst\u00e4ndlich.<br \/>\nJeder Absolvent erh\u00e4lt eine Arbeitssch\u00fcrze, Rezeptblatt und ein Teilnehmerzertifikatin der Kategorie \u2013Wintergrillen.<\/p>\n<p><span style=\"color: #800000;\"><strong>Kursdauer: etwa 5 Stunden<\/strong><\/span><br \/>\n<span style=\"color: #800000;\"><strong> Kursgeb\u00fchr (p. Person, inkl. Speisen): 109,00 \u20ac<\/strong><\/span><\/p>\n<p><strong><span style=\"color: #800000; font-size: large;\">Wildgrillkurs<\/span><\/strong><\/p>\n<p>Im Wildgrillkurs werden vorwiegend Teile vom Schwarz- und Rehwild verarbeitet. Eine Wildschweinkeule wird im Ganzen gegart. Das Zerlegen einer Rehkeule wird vermittelt und anschlie\u00dfend werden die verschiedenen Teile gegrillt. Ein Wildschweinrollbraten im Buchenholzrauch und das edle Rehr\u00fcckenfilet im Heu werden ebenfalls zubereitet. Jahreszeitliche Beilagen und Dessert runden den Kurs ab.<\/p>\n<p>Gearbeitet wird in direkter und indirekter Garmethode. Dabei kommen Gasgrills verschiedener Hersteller und jeweils ein Traeger-Pelletgrill, ein Keramikgrill mit Holzkohle und ein Dutch Oven mit Holzkohlebriketts zum Einsatz.<\/p>\n<p>Das gemeinsame Verspeisen des gegrillten Gutes w\u00e4hrend des Kurses ist selbstverst\u00e4ndlich.<br \/>\nJeder Absolvent erh\u00e4lt eine Arbeitssch\u00fcrze, Rezeptblatt und ein Teilnehmerzertifikatin der Kategorie \u2013Wildgrillen.<\/p>\n<p>Kursdurchf\u00fchrung ab 12 Teilnehmer<\/p>\n<p><span style=\"color: #800000;\"><strong>Kursdauer: etwa 5 Stunden<\/strong><\/span><br \/>\n<span style=\"color: #800000;\"><strong> Kursgeb\u00fchr (p. Person, inkl. Speisen): 114,00 \u20ac<\/strong><\/span><\/p>\n<p><strong> <span style=\"color: #6f333f;\">F\u00fcr alle Kurse gilt:<\/span> &gt;&gt; <a title=\"Kontakt\" href=\"http:\/\/localhost\/grillwm\/?page_id=2\">Gruppenbuchungen bitte separat anfragen.<\/a> &lt;&lt;<br \/>\n<\/strong><\/p>\n","protected":false},"excerpt":{"rendered":"<p>Aufbaukurs Der Kurs baut auf Interesse und den allgemeinen Grillerfahrungen der Teilnehmer auf und ist auch f\u00fcr Anf\u00e4nger geeignet. Im theoretischen Teil des Aufbaukurses wird ein fundierter Einblick in die verschiedenen Garmachungsarten (z.B. direktes \/ indirektes Grillen), Ger\u00e4tekunde sowie \u00fcber die einzelnen Garzeiten des Grillgutes gegeben. Die Grillger\u00e4te werden nach ihren Hitzequellen behandelt (Holzkohle, Gas, [&hellip;]<\/p>\n","protected":false},"author":1,"featured_media":0,"parent":0,"menu_order":2,"comment_status":"closed","ping_status":"open","template":"","meta":[],"_links":{"self":[{"href":"https:\/\/www.grillweltmeister.de\/index.php?rest_route=\/wp\/v2\/pages\/14"}],"collection":[{"href":"https:\/\/www.grillweltmeister.de\/index.php?rest_route=\/wp\/v2\/pages"}],"about":[{"href":"https:\/\/www.grillweltmeister.de\/index.php?rest_route=\/wp\/v2\/types\/page"}],"author":[{"embeddable":true,"href":"https:\/\/www.grillweltmeister.de\/index.php?rest_route=\/wp\/v2\/users\/1"}],"replies":[{"embeddable":true,"href":"https:\/\/www.grillweltmeister.de\/index.php?rest_route=%2Fwp%2Fv2%2Fcomments&post=14"}],"version-history":[{"count":68,"href":"https:\/\/www.grillweltmeister.de\/index.php?rest_route=\/wp\/v2\/pages\/14\/revisions"}],"predecessor-version":[{"id":2310,"href":"https:\/\/www.grillweltmeister.de\/index.php?rest_route=\/wp\/v2\/pages\/14\/revisions\/2310"}],"wp:attachment":[{"href":"https:\/\/www.grillweltmeister.de\/index.php?rest_route=%2Fwp%2Fv2%2Fmedia&parent=14"}],"curies":[{"name":"wp","href":"https:\/\/api.w.org\/{rel}","templated":true}]}}