{"id":19,"date":"2009-04-03T21:51:21","date_gmt":"2009-04-03T19:51:21","guid":{"rendered":"http:\/\/grillkurse.de\/?page_id=19"},"modified":"2026-01-05T11:41:43","modified_gmt":"2026-01-05T09:41:43","slug":"gutscheine","status":"publish","type":"page","link":"https:\/\/www.grillweltmeister.de\/?page_id=19","title":{"rendered":"Gutscheine"},"content":{"rendered":"<h3 data-tadv-p=\"keep\"><\/h3>\n<p><span style=\"color: #6f333f;\"><strong>Sie m\u00f6chten einen Gutschein bestellen<\/strong><\/span> und Freude und Wissen schenken? Gar kein Problem, das k\u00f6nnen Sie hier direkt erledigen. Den Wunschtermin f\u00fcr den Kurs sprechen Sie dann mit uns ab &#8211; unkompliziert und schnell.<\/p>\n<p><!--cforms name=\"Gutscheine\"--><\/p>\n<div id=\"usermessage2a\" class=\"cf_info \"><\/div><form enctype=\"multipart\/form-data\" action=\"\/index.php?rest_route=%2Fwp%2Fv2%2Fpages%2F19#usermessage2a\" method=\"post\" class=\"cform gutscheine \" id=\"cforms2form\"><ol class=\"cf-ol\"><li id=\"li-2-1\" class=\"\"><label id=\"label-2-1\" for=\"cf2_field_1\"><span><\/span><\/label><input type=\"text\" name=\"cf2_field_1\" id=\"cf2_field_1\" class=\"single fldrequired\" value=\"Name\" onfocus=\"clearField(this)\" onblur=\"setField(this)\" title=\"\"\/><span class=\"reqtxt\">(ben\u00f6tigt)<\/span><\/li><li id=\"li-2-2\" class=\"\"><label id=\"label-2-2\" for=\"cf2_field_2\"><span><\/span><\/label><input type=\"text\" name=\"cf2_field_2\" id=\"cf2_field_2\" class=\"single fldrequired\" value=\"Vorname\" onfocus=\"clearField(this)\" onblur=\"setField(this)\" title=\"\"\/><span class=\"reqtxt\">(ben\u00f6tigt)<\/span><\/li><li id=\"li-2-3\" class=\"\"><label id=\"label-2-3\" for=\"cf2_field_3\"><span><\/span><\/label><input type=\"text\" name=\"cf2_field_3\" id=\"cf2_field_3\" class=\"single fldrequired\" value=\"Strasse\/Nr.\" onfocus=\"clearField(this)\" onblur=\"setField(this)\" title=\"\"\/><span class=\"reqtxt\">(ben\u00f6tigt)<\/span><\/li><li id=\"li-2-4\" class=\"\"><label id=\"label-2-4\" for=\"cf2_field_4\"><span><\/span><\/label><input type=\"text\" name=\"cf2_field_4\" id=\"cf2_field_4\" class=\"single fldrequired\" value=\"Plz\" onfocus=\"clearField(this)\" onblur=\"setField(this)\" title=\"\"\/><span class=\"reqtxt\">(ben\u00f6tigt)<\/span><\/li><li id=\"li-2-5\" class=\"\"><label id=\"label-2-5\" for=\"cf2_field_5\"><span><\/span><\/label><input type=\"text\" name=\"cf2_field_5\" id=\"cf2_field_5\" class=\"single fldrequired\" value=\"Ort\" onfocus=\"clearField(this)\" onblur=\"setField(this)\" title=\"\"\/><span class=\"reqtxt\">(ben\u00f6tigt)<\/span><\/li><li id=\"li-2-6\" class=\"\"><label id=\"label-2-6\" for=\"cf2_field_6\"><span><\/span><\/label><input type=\"text\" name=\"cf2_field_6\" id=\"cf2_field_6\" class=\"single fldrequired\" value=\"Telefon\" onfocus=\"clearField(this)\" onblur=\"setField(this)\" title=\"\"\/><span class=\"reqtxt\">(ben\u00f6tigt)<\/span><\/li><li id=\"li-2-7\" class=\"\"><label id=\"label-2-7\" for=\"cf2_field_7\"><span><\/span><\/label><input type=\"text\" name=\"cf2_field_7\" id=\"cf2_field_7\" class=\"single fldemail fldrequired\" value=\"E-Mail\" onfocus=\"clearField(this)\" onblur=\"setField(this)\" title=\"\"\/><span class=\"emailreqtxt\">(ben\u00f6tigt)<\/span><\/li><li id=\"li-2-8\" class=\"\"><label id=\"label-2-8\" for=\"cf2_field_8\"><span><\/span><\/label><input type=\"text\" name=\"cf2_field_8\" id=\"cf2_field_8\" class=\"single\" value=\"Fax\" onfocus=\"clearField(this)\" onblur=\"setField(this)\" title=\"\"\/><\/li><li id=\"li-2-9\" class=\"textonly\">folgende\/n Gutschein\/e:<\/li><li id=\"li-2-10\" class=\"\"><label id=\"label-2-10\" for=\"cf2_field_10\" class=\"cf-before\"><span>Aufbaukurs \/\/ 99,00\u20ac<\/span><\/label><input type=\"checkbox\" name=\"cf2_field_10\" id=\"cf2_field_10\" class=\"cf-box-b\" title=\"\"\/><\/li><li id=\"li-2-11\" class=\"\"><label id=\"label-2-11\" for=\"cf2_field_11\" class=\"cf-before\"><span>Burger\/Dutch Oven Kurs \/\/ 103,00\u20ac<\/span><\/label><input type=\"checkbox\" name=\"cf2_field_11\" id=\"cf2_field_11\" class=\"cf-box-b\" title=\"\"\/><\/li><li id=\"li-2-12\" class=\"\"><label id=\"label-2-12\" for=\"cf2_field_12\" class=\"cf-before\"><span>Masterkurs \/\/ 103,00\u20ac<\/span><\/label><input type=\"checkbox\" name=\"cf2_field_12\" id=\"cf2_field_12\" class=\"cf-box-b\" title=\"\"\/><\/li><li id=\"li-2-13\" class=\"\"><label id=\"label-2-13\" for=\"cf2_field_13\" class=\"cf-before\"><span>Fischkurs \/\/ 103,00\u20ac<\/span><\/label><input type=\"checkbox\" name=\"cf2_field_13\" id=\"cf2_field_13\" class=\"cf-box-b\" title=\"\"\/><\/li><li id=\"li-2-14\" class=\"\"><label id=\"label-2-14\" for=\"cf2_field_14\" class=\"cf-before\"><span>Original American Barbecue \/\/ 135,00\u20ac<\/span><\/label><input type=\"checkbox\" name=\"cf2_field_14\" id=\"cf2_field_14\" class=\"cf-box-b\" title=\"\"\/><\/li><li id=\"li-2-15\" class=\"\"><label id=\"label-2-15\" for=\"cf2_field_15\" class=\"cf-before\"><span>Wintergrillkurs \/\/ 109,00\u20ac<\/span><\/label><input type=\"checkbox\" name=\"cf2_field_15\" id=\"cf2_field_15\" class=\"cf-box-b\" title=\"\"\/><\/li><li id=\"li-2-16\" class=\"\"><label id=\"label-2-16\" for=\"cf2_field_16\" class=\"cf-before\"><span>Wildgrillkurs \/\/ 114,00\u20ac<\/span><\/label><input type=\"checkbox\" name=\"cf2_field_16\" id=\"cf2_field_16\" class=\"cf-box-b\" title=\"\"\/><\/li><\/ol><fieldset class=\"cf-fs1\" style=\"\"><legend>Teilnehmer:<\/legend><ol class=\"cf-ol\"><li id=\"li-2-18\" class=\"\"><label id=\"label-2-18\" for=\"cf2_field_18\"><span><\/span><\/label><input type=\"text\" name=\"cf2_field_18\" id=\"cf2_field_18\" class=\"single fldrequired\" value=\"Vor- und Nachname, Mehrfachnennung m\u00f6glich\" onfocus=\"clearField(this)\" onblur=\"setField(this)\" title=\"\"\/><span class=\"reqtxt\">(ben\u00f6tigt)<\/span><\/li><li id=\"li-2-19\" class=\"\"><label id=\"label-2-19\" for=\"cf2_field_19\"><span>Ihre Nachricht an uns:<\/span><\/label><textarea cols=\"30\" rows=\"8\" name=\"cf2_field_19\" id=\"cf2_field_19\" class=\"area\" title=\"\"><\/textarea><\/li><\/ol><\/fieldset><fieldset class=\"cf-fs2\" style=\"\"><legend>Versandart:<\/legend><ol class=\"cf-ol\"><li id=\"li-2-21\" class=\"cf-box-title\"><\/li><li id=\"li-2-21items\" class=\"cf-box-group\"><input type=\"checkbox\" id=\"cf2_field_21-1\" name=\"cf2_field_21[]\" value=\"Selbstabholung\"  class=\"cf-box-b\" title=\"\"\/><label id=\"label-2-211\" for=\"cf2_field_21-1\" class=\"cf-group-after\"><span>Selbstabholung<\/span><\/label><input type=\"checkbox\" id=\"cf2_field_21-2\" name=\"cf2_field_21[]\" value=\"Versand (+ 5,00 \u20ac)\"  class=\"cf-box-b\" title=\"\"\/><label id=\"label-2-212\" for=\"cf2_field_21-2\" class=\"cf-group-after\"><span>Versand (+ 5,00 \u20ac)<\/span><\/label><\/li><li id=\"li-2-22\" class=\"cf-box-title\"><\/li><li id=\"li-2-22items\" class=\"cf-box-group\"><input type=\"checkbox\" id=\"cf2_field_22-1\" name=\"cf2_field_22[]\" value=\"Email\"  class=\"cf-box-b\" title=\"\"\/><label id=\"label-2-221\" for=\"cf2_field_22-1\" class=\"cf-group-after\"><span>Email<\/span><\/label><\/li><\/ol><\/fieldset><fieldset class=\"cf-fs3\" style=\"\"><legend>Widerrufsbelehrung:<\/legend><ol class=\"cf-ol\"><li id=\"li-2-24\" class=\"textonly\" style=\"color:#666666;font-size:12px;font-weight:normal;letter-spacing:0px;\" >Die Bestellung des Gutscheins kann ohne Angabe besonderer Gr\u00fcnde innerhalb<br \/>von 14 Tagen widerrufen werden. M\u00f6glicherweise bereits gezahlte Kursgeb\u00fchren erhalten Sie selbstverst\u00e4ndlich zur\u00fcck. Zur Fristwahrung gen\u00fcgt der schriftliche Widerruf per Mail oder Fax.<\/li><li id=\"li-2-25\" class=\"\"><label id=\"label-2-25\" for=\"cf2_field_25\" class=\"cf-before\"><span>Die Widerrufsbelehrung habe ich gelesen:<\/span><\/label><input type=\"checkbox\" name=\"cf2_field_25\" id=\"cf2_field_25\" class=\"cf-box-b fldrequired\" title=\"\"\/><\/li><li id=\"li-2-26\" class=\"\"><label id=\"label-2-26\" for=\"cf2_field_26\" class=\"cf-before\"><span>Die <a href=\"https:\/\/www.grillweltmeister.de\/?page_id=1357\" target=\"_blank\">Datenschutzerkl\u00e4rung<\/a> habe ich gelesen:<\/span><\/label><input type=\"checkbox\" name=\"cf2_field_26\" id=\"cf2_field_26\" class=\"cf-box-b fldrequired\" title=\"\"\/><\/li><\/ol><\/fieldset><fieldset class=\"cf_hidden\"><legend>&nbsp;<\/legend><input type=\"hidden\" name=\"cf_working2\" id=\"cf_working2\" value=\"<span>Einen moment Bitte..<\/span>\"\/><input type=\"hidden\" name=\"cf_failure2\" id=\"cf_failure2\" value=\"<span>Bitte f\u00fcllen Sie alle Felder aus!<\/span>\"\/><input type=\"hidden\" name=\"cf_customerr2\" id=\"cf_customerr2\" value=\"y\"\/><\/fieldset><p class=\"cf-sb\"><input type=\"submit\" name=\"sendbutton2\" id=\"sendbutton2\" class=\"sendbutton\" value=\"kostenpflichtig bestellen\" \/><\/p><\/form><div id=\"usermessage2b\" class=\"cf_info \" ><\/div>\n<p>Gutscheinbestellungen per Fax sind ebenfalls m\u00f6glich, senden Sie Ihre Bestellung bitte an<br \/>\ndie 0361 \/ 24 11 6 22.<\/p>\n<p><span style=\"color: #6f333f;\"><strong>Versandarten:<\/strong><\/span><\/p>\n<p><strong>Standard:<\/strong> Versand per Mail zum Selbstausdruck<\/p>\n<p><strong>Selbstabholung:<\/strong> Klappkarte\/ Dienstag bis Freitag 10:00-18:00 Uhr \/ Samstag 10:00-14:00 Uhr in der Rudolst\u00e4dter Str.167, Erfurt-Urbich, Terminabsprache w\u00fcnschenswert<\/p>\n<p><strong>Premium:<\/strong> Versand als Klappkarte mit dem Gutschein per Post, zus\u00e4tzliche Kosten: 5,00 \u20ac<\/p>\n<p><span style=\"color: #6f333f;\"><strong>Bankverbindung:<\/strong><\/span><br \/>\n<strong>EOBAN Programmkontor GmbH, Veranstaltungs- und Werbeagentur<br \/>\nDeutsche Kreditbank<br \/>\nIBAN: DE97 1203 0000 0000 92 19 24 | SWIFT\/BIC: BYLADEM1001<\/strong><\/p>\n<p>Bitte als Zahlungsgrund den Teilnehmer und den Kurs vermerken.<\/p>\n","protected":false},"excerpt":{"rendered":"<p>Sie m\u00f6chten einen Gutschein bestellen und Freude und Wissen schenken? Gar kein Problem, das k\u00f6nnen Sie hier direkt erledigen. Den Wunschtermin f\u00fcr den Kurs sprechen Sie dann mit uns ab &#8211; unkompliziert und schnell. Gutscheinbestellungen per Fax sind ebenfalls m\u00f6glich, senden Sie Ihre Bestellung bitte an die 0361 \/ 24 11 6 22. Versandarten: Standard: [&hellip;]<\/p>\n","protected":false},"author":1,"featured_media":0,"parent":0,"menu_order":5,"comment_status":"closed","ping_status":"open","template":"","meta":[],"_links":{"self":[{"href":"https:\/\/www.grillweltmeister.de\/index.php?rest_route=\/wp\/v2\/pages\/19"}],"collection":[{"href":"https:\/\/www.grillweltmeister.de\/index.php?rest_route=\/wp\/v2\/pages"}],"about":[{"href":"https:\/\/www.grillweltmeister.de\/index.php?rest_route=\/wp\/v2\/types\/page"}],"author":[{"embeddable":true,"href":"https:\/\/www.grillweltmeister.de\/index.php?rest_route=\/wp\/v2\/users\/1"}],"replies":[{"embeddable":true,"href":"https:\/\/www.grillweltmeister.de\/index.php?rest_route=%2Fwp%2Fv2%2Fcomments&post=19"}],"version-history":[{"count":17,"href":"https:\/\/www.grillweltmeister.de\/index.php?rest_route=\/wp\/v2\/pages\/19\/revisions"}],"predecessor-version":[{"id":2319,"href":"https:\/\/www.grillweltmeister.de\/index.php?rest_route=\/wp\/v2\/pages\/19\/revisions\/2319"}],"wp:attachment":[{"href":"https:\/\/www.grillweltmeister.de\/index.php?rest_route=%2Fwp%2Fv2%2Fmedia&parent=19"}],"curies":[{"name":"wp","href":"https:\/\/api.w.org\/{rel}","templated":true}]}}