{"id":3,"date":"2009-04-03T15:50:14","date_gmt":"2009-04-03T13:50:14","guid":{"rendered":"http:\/\/grillkurse.de\/?page_id=3"},"modified":"2026-02-06T15:01:35","modified_gmt":"2026-02-06T13:01:35","slug":"anmeldung","status":"publish","type":"page","link":"https:\/\/www.grillweltmeister.de\/?page_id=3","title":{"rendered":"Buchung"},"content":{"rendered":"<\/p>\n<p><span style=\"color: #6f333f;\"><strong>Nur noch wenige Klicks bis zu Ihrem Grillkurs!<\/strong><\/span><br \/>\nBitte beachten Sie folgende Bedingungen:<\/p>\n<ul>\n<li>Nur mit einer Anmeldung f\u00fcr einen konkreten Termin ist der Besuch eines Kurses m\u00f6glich.<\/li>\n<li>Die Anmeldung erfolgt \u00fcber den Kauf eines Tickets (Direktbestellung) oder die termingenaue Einl\u00f6sung eines Gutscheines.<\/li>\n<li>Nach Verf\u00fcgbarkeit wird die Anmeldung durch die Gutscheineinl\u00f6sung (K\u00e4stchen Gutschein) verbindlich.<\/li>\n<li>Die Kurse finden unter den zum Termin g\u00fcltigen gesetzlichen Bedingungen statt.<\/li>\n<li>Alle noch verf\u00fcgbaren Kurse sind buchbar &#8211; in seltenen Ausnahmef\u00e4llen gibt es \u00dcberschneidungen mit Faxanmeldungen, die von uns per Hand eingepflegt werden.<\/li>\n<li>Sie erhalten eine Buchungsbest\u00e4tigung nach Zahlungseingang bei o.g. Gutscheinen.<\/li>\n<li>Bitte immer das Feld &#8220;kostenpflichtig bestellen&#8221; mit anklicken<\/li>\n<li><span style=\"color: #ff0000;\"><strong>Bitte immer die Gutscheinnummer mit angeben<\/strong><\/span> &#8211; <strong>sonst ist eine Bearbeitung nicht m\u00f6glich<\/strong>.<\/li>\n<li>Bei Buchung ohne Gutschein wird die Bestellung erst nach Zahlungseingang verbindlich.<\/li>\n<li>Der Zahlungseingang bestimmt die Reihenfolge der Teilnehmer. Nach Zahlungseingang erhalten Sie eine Teilnahmebest\u00e4tigung, die zum Kursbeginn vorzulegen ist.<\/li>\n<li>Kursdurchf\u00fchrung ab 15 Teilnehmer<\/li>\n<li>Teilnahme ab 18 Jahre<\/li>\n<li>Gruppenbuchungen m\u00fcssen separat <a title=\"Kontakt\" href=\"http:\/\/localhost\/grillwm\/?page_id=2\">angefragt<\/a> werden.<\/li>\n<\/ul>\n<p>Wenn Sie eine attraktive Eintrittskarte als Beleg und Erinnerungsst\u00fcck haben m\u00f6chten, w\u00e4hlen Sie zum Kurs eine Versandart und ber\u00fccksichtigen diese Kosten bei der \u00dcberweisung.<br \/>\nDie Eintrittskarte wird Ihnen dann zugestellt bzw. liegt zur Abholung bereit.<\/p>\n<p><strong>Stornierung:<\/strong><\/p>\n<p>Stornierungen bis 14 Tage vor\u00a0 Kursbeginn ist\u00a0 kostenfrei. Bis 8 Tage vor Kursbeginn erhalten Sie eine\u00a0 50%ige Kostenr\u00fcckerstattung. Danach ist keine kostenreduzierende R\u00fcckgabe mehr m\u00f6glich.<\/p>\n<div id=\"usermessagea\" class=\"cf_info \"><\/div><form enctype=\"multipart\/form-data\" action=\"\/index.php?rest_route=%2Fwp%2Fv2%2Fpages%2F3#usermessagea\" method=\"post\" class=\"cform anmeldung \" id=\"cformsform\"><ol class=\"cf-ol\"><li id=\"li--1\" class=\"\"><label id=\"label--1\" for=\"cf_field_1\"><span><\/span><\/label><input type=\"text\" name=\"cf_field_1\" id=\"cf_field_1\" class=\"single fldrequired\" value=\"Name\" onfocus=\"clearField(this)\" onblur=\"setField(this)\" title=\"\"\/><span class=\"reqtxt\">(ben\u00f6tigt)<\/span><\/li><li id=\"li--2\" class=\"\"><label id=\"label--2\" for=\"cf_field_2\"><span><\/span><\/label><input type=\"text\" name=\"cf_field_2\" id=\"cf_field_2\" class=\"single fldrequired\" value=\"Vorname\" onfocus=\"clearField(this)\" onblur=\"setField(this)\" title=\"\"\/><span class=\"reqtxt\">(ben\u00f6tigt)<\/span><\/li><li id=\"li--3\" class=\"\"><label id=\"label--3\" for=\"cf_field_3\"><span><\/span><\/label><input type=\"text\" name=\"cf_field_3\" id=\"cf_field_3\" class=\"single fldrequired\" value=\"Strasse\/Nr.\" onfocus=\"clearField(this)\" onblur=\"setField(this)\" title=\"\"\/><span class=\"reqtxt\">(ben\u00f6tigt)<\/span><\/li><li id=\"li--4\" class=\"\"><label id=\"label--4\" for=\"cf_field_4\"><span><\/span><\/label><input type=\"text\" name=\"cf_field_4\" id=\"cf_field_4\" class=\"single fldrequired\" value=\"Plz\" onfocus=\"clearField(this)\" onblur=\"setField(this)\" title=\"\"\/><span class=\"reqtxt\">(ben\u00f6tigt)<\/span><\/li><li id=\"li--5\" class=\"\"><label id=\"label--5\" for=\"cf_field_5\"><span><\/span><\/label><input type=\"text\" name=\"cf_field_5\" id=\"cf_field_5\" class=\"single fldrequired\" value=\"Ort\" onfocus=\"clearField(this)\" onblur=\"setField(this)\" title=\"\"\/><span class=\"reqtxt\">(ben\u00f6tigt)<\/span><\/li><li id=\"li--6\" class=\"\"><label id=\"label--6\" for=\"cf_field_6\"><span><\/span><\/label><input type=\"text\" name=\"cf_field_6\" id=\"cf_field_6\" class=\"single fldrequired\" value=\"Telefon\" onfocus=\"clearField(this)\" onblur=\"setField(this)\" title=\"\"\/><span class=\"reqtxt\">(ben\u00f6tigt)<\/span><\/li><li id=\"li--7\" class=\"\"><label id=\"label--7\" for=\"cf_field_7\"><span><\/span><\/label><input type=\"text\" name=\"cf_field_7\" id=\"cf_field_7\" class=\"single fldemail fldrequired\" value=\"E-Mail\" onfocus=\"clearField(this)\" onblur=\"setField(this)\" title=\"\"\/><span class=\"emailreqtxt\">(ben\u00f6tigt)<\/span><\/li><li id=\"li--8\" class=\"textonly\">Ihre Anmeldung f\u00fcr:<\/li><li id=\"li--9\" class=\"\"><label id=\"label--9\" for=\"cf_field_9\"><span>Teilnehmer<\/span><\/label><input type=\"text\" name=\"cf_field_9\" id=\"cf_field_9\" class=\"single fldrequired\" value=\"Vor- und Zuname, Mehrfachnennung m\u00f6glich\" onfocus=\"clearField(this)\" onblur=\"setField(this)\" title=\"\"\/><span class=\"reqtxt\">(ben\u00f6tigt)<\/span><\/li><li id=\"li--10\" class=\"\"><label id=\"label--10\" for=\"cf_field_10\"><span>Ihre Nachricht an uns:<\/span><\/label><textarea cols=\"30\" rows=\"8\" name=\"cf_field_10\" id=\"cf_field_10\" class=\"area\" title=\"\"><\/textarea><\/li><li id=\"li--11\" class=\"\"><label id=\"label--11\" for=\"cf_field_11\"><span>GUTSCHEINNUMMER (immer angeben):<\/span><\/label><textarea cols=\"30\" rows=\"8\" name=\"cf_field_11\" id=\"cf_field_11\" class=\"area\" title=\"\"><\/textarea><\/li><\/ol><fieldset class=\"cf-fs1\" style=\"\"><legend>Kurse:<\/legend><ol class=\"cf-ol\"><li id=\"li--13\" class=\"textonly\">Aufbaukurse, Geb\u00fchr 99,00\u20ac:<\/li><li id=\"li--14\" class=\"cf-box-title\">14.03.2026, 15 Uhr, Aufbaugrillkurs ausgebucht<\/li><li id=\"li--14items\" class=\"cf-box-group\"><\/li><li id=\"li--15\" class=\"cf-box-title\">11.04.2026, 15 Uhr, Aufbaugrillkurs storniert<\/li><li id=\"li--15items\" class=\"cf-box-group\"><\/li><li id=\"li--16\" class=\"cf-box-title\">19.04.2026, 10 Uhr, Aufbaugrillkurs ausgebucht<\/li><li id=\"li--16items\" class=\"cf-box-group\"><\/li><li id=\"li--17\" class=\"textonly\">F\u00fcr den 09.05.2026 sind noch 2 Pl\u00e4tze buchbar<\/li><li id=\"li--18\" class=\"cf-box-title\">09.05.2026, 15 Uhr, Aufbaugrillkurs<\/li><li id=\"li--18items\" class=\"cf-box-group\"><input type=\"checkbox\" id=\"cf_field_18-1\" name=\"cf_field_18[]\" value=\"per Direktbestellung\"  class=\"cf-box-b\" title=\"\"\/><label id=\"label--181\" for=\"cf_field_18-1\" class=\"cf-group-after\"><span>per Direktbestellung<\/span><\/label><input type=\"checkbox\" id=\"cf_field_18-2\" name=\"cf_field_18[]\" value=\"per Gutschein\"  class=\"cf-box-b\" title=\"\"\/><label id=\"label--182\" for=\"cf_field_18-2\" class=\"cf-group-after\"><span>per Gutschein<\/span><\/label><\/li><li id=\"li--19\" class=\"cf-box-title\">14.06.2026, 10 Uhr, Aufbaugrillkurs<\/li><li id=\"li--19items\" class=\"cf-box-group\"><input type=\"checkbox\" id=\"cf_field_19-1\" name=\"cf_field_19[]\" value=\"per Direktbestellung\"  class=\"cf-box-b\" title=\"\"\/><label id=\"label--191\" for=\"cf_field_19-1\" class=\"cf-group-after\"><span>per Direktbestellung<\/span><\/label><input type=\"checkbox\" id=\"cf_field_19-2\" name=\"cf_field_19[]\" value=\"per Gutschein\"  class=\"cf-box-b\" title=\"\"\/><label id=\"label--192\" for=\"cf_field_19-2\" class=\"cf-group-after\"><span>per Gutschein<\/span><\/label><\/li><li id=\"li--20\" class=\"textonly\">Masterkurse, Geb\u00fchr 103,00\u20ac:<\/li><li id=\"li--21\" class=\"cf-box-title\">22.03.2026, 10 Uhr, Mastergrillkurs ausgebucht<\/li><li id=\"li--21items\" class=\"cf-box-group\"><\/li><li id=\"li--22\" class=\"cf-box-title\">02.05.2026, 15 Uhr, Mastergrillkurs<\/li><li id=\"li--22items\" class=\"cf-box-group\"><input type=\"checkbox\" id=\"cf_field_22-1\" name=\"cf_field_22[]\" value=\"per Direktbestellung\"  class=\"cf-box-b\" title=\"\"\/><label id=\"label--221\" for=\"cf_field_22-1\" class=\"cf-group-after\"><span>per Direktbestellung<\/span><\/label><input type=\"checkbox\" id=\"cf_field_22-2\" name=\"cf_field_22[]\" value=\"per Gutschein\"  class=\"cf-box-b\" title=\"\"\/><label id=\"label--222\" for=\"cf_field_22-2\" class=\"cf-group-after\"><span>per Gutschein<\/span><\/label><\/li><li id=\"li--23\" class=\"textonly\">Fischkurse, Geb\u00fchr 103,00\u20ac:<\/li><li id=\"li--24\" class=\"cf-box-title\">21.03.2026, 15 Uhr, Fischgrillkurs<\/li><li id=\"li--24items\" class=\"cf-box-group\"><input type=\"checkbox\" id=\"cf_field_24-1\" name=\"cf_field_24[]\" value=\"per Direktbestellung\"  class=\"cf-box-b\" title=\"\"\/><label id=\"label--241\" for=\"cf_field_24-1\" class=\"cf-group-after\"><span>per Direktbestellung<\/span><\/label><input type=\"checkbox\" id=\"cf_field_24-2\" name=\"cf_field_24[]\" value=\"per Gutschein\"  class=\"cf-box-b\" title=\"\"\/><label id=\"label--242\" for=\"cf_field_24-2\" class=\"cf-group-after\"><span>per Gutschein<\/span><\/label><\/li><li id=\"li--25\" class=\"cf-box-title\">31.05.2026, 10 Uhr, Fischgrillkurs<\/li><li id=\"li--25items\" class=\"cf-box-group\"><input type=\"checkbox\" id=\"cf_field_25-1\" name=\"cf_field_25[]\" value=\"per Direktbestellung\"  class=\"cf-box-b\" title=\"\"\/><label id=\"label--251\" for=\"cf_field_25-1\" class=\"cf-group-after\"><span>per Direktbestellung<\/span><\/label><input type=\"checkbox\" id=\"cf_field_25-2\" name=\"cf_field_25[]\" value=\"per Gutschein\"  class=\"cf-box-b\" title=\"\"\/><label id=\"label--252\" for=\"cf_field_25-2\" class=\"cf-group-after\"><span>per Gutschein<\/span><\/label><\/li><li id=\"li--26\" class=\"textonly\">Original American BBQ-Kurs, Geb\u00fchr 135,00\u20ac:<\/li><li id=\"li--27\" class=\"cf-box-title\">01.03.2026, 10 Uhr, ABBQ<\/li><li id=\"li--27items\" class=\"cf-box-group\"><input readonly=\"readonly\" disabled=\"disabled\" type=\"checkbox\" id=\"cf_field_27-1\" name=\"cf_field_27[]\" value=\"per Direktbestellung\"  class=\"cf-box-b\" title=\"\"\/><label id=\"label--271\" for=\"cf_field_27-1\" class=\"cf-group-after\"><span>per Direktbestellung<\/span><\/label><input readonly=\"readonly\" disabled=\"disabled\" type=\"checkbox\" id=\"cf_field_27-2\" name=\"cf_field_27[]\" value=\"per Gutschein\"  class=\"cf-box-b\" title=\"\"\/><label id=\"label--272\" for=\"cf_field_27-2\" class=\"cf-group-after\"><span>per Gutschein<\/span><\/label><\/li><li id=\"li--28\" class=\"cf-box-title\">15.03.2026, 10 Uhr, ABBQ storniert<\/li><li id=\"li--28items\" class=\"cf-box-group\"><\/li><li id=\"li--29\" class=\"cf-box-title\">12.04.2026, 10 Uhr, ABBQ ausgebucht<\/li><li id=\"li--29items\" class=\"cf-box-group\"><\/li><li id=\"li--30\" class=\"cf-box-title\">03.05.2026, 10 Uhr, ABBQ ausgebucht<\/li><li id=\"li--30items\" class=\"cf-box-group\"><\/li><li id=\"li--31\" class=\"cf-box-title\">27.06.2026, 15 Uhr, ABBQ ausgebucht<\/li><li id=\"li--31items\" class=\"cf-box-group\"><\/li><li id=\"li--32\" class=\"textonly\">Burger-\/ Dutch Oven Grillkurs, Geb\u00fchr 103,00\u20ac<\/li><li id=\"li--33\" class=\"cf-box-title\">18.04.2026, 15 Uhr, Burger-\/DO Kurs ausgebucht<\/li><li id=\"li--33items\" class=\"cf-box-group\"><\/li><li id=\"li--34\" class=\"cf-box-title\">13.06.2026, 15 Uhr, Burger-\/DO Kurs<\/li><li id=\"li--34items\" class=\"cf-box-group\"><input type=\"checkbox\" id=\"cf_field_34-1\" name=\"cf_field_34[]\" value=\"per Direktbestellung\"  class=\"cf-box-b\" title=\"\"\/><label id=\"label--341\" for=\"cf_field_34-1\" class=\"cf-group-after\"><span>per Direktbestellung<\/span><\/label><input type=\"checkbox\" id=\"cf_field_34-2\" name=\"cf_field_34[]\" value=\"per Gutschein\"  class=\"cf-box-b\" title=\"\"\/><label id=\"label--342\" for=\"cf_field_34-2\" class=\"cf-group-after\"><span>per Gutschein<\/span><\/label><\/li><li id=\"li--35\" class=\"textonly\">Wildgrillkurs, Geb\u00fchr 114,00\u20ac<\/li><li id=\"li--36\" class=\"textonly\">Wintergrillkurs, Geb\u00fchr 109,00 \u20ac<\/li><\/ol><\/fieldset><fieldset class=\"cf-fs2\" style=\"\"><legend>Versandart:<\/legend><ol class=\"cf-ol\"><li id=\"li--38\" class=\"textonly\">Nur bei Direktbestellung ohne Gutschein<\/li><li id=\"li--39\" class=\"cf-box-title\"><\/li><li id=\"li--39items\" class=\"cf-box-group\"><input type=\"checkbox\" id=\"cf_field_39-1\" name=\"cf_field_39[]\" value=\"Selbstabholung\"  class=\"cf-box-b\" title=\"\"\/><label id=\"label--391\" for=\"cf_field_39-1\" class=\"cf-group-after\"><span>Selbstabholung<\/span><\/label><input type=\"checkbox\" id=\"cf_field_39-2\" name=\"cf_field_39[]\" value=\"Versand (+ 5,00 \u20ac)\"  class=\"cf-box-b\" title=\"\"\/><label id=\"label--392\" for=\"cf_field_39-2\" class=\"cf-group-after\"><span>Versand (+ 5,00 \u20ac)<\/span><\/label><\/li><li id=\"li--40\" class=\"cf-box-title\"><\/li><li id=\"li--40items\" class=\"cf-box-group\"><input type=\"checkbox\" id=\"cf_field_40-1\" name=\"cf_field_40[]\" value=\"Ticket per Email\"  class=\"cf-box-b\" title=\"\"\/><label id=\"label--401\" for=\"cf_field_40-1\" class=\"cf-group-after\"><span>Ticket per Email<\/span><\/label><\/li><\/ol><\/fieldset><fieldset class=\"cf-fs3\" style=\"\"><legend>Widerrufsbelehrung:<\/legend><ol class=\"cf-ol\"><li id=\"li--42\" class=\"textonly\" style=\"color:#666666;font-size:12px;font-weight:normal;letter-spacing:0px;\" >Gem\u00e4\u00df \u00a7 312b III Nr. 6 BGB finden die Widerrufsregelungen des<br>Fernabsatzgesetzes keine Anwendung.<\/br>Ein 14-t\u00e4giges R\u00fcckgaberecht ist damit ausgeschlossen.<\/li><\/ol><\/fieldset><fieldset class=\"cf_hidden\"><legend>&nbsp;<\/legend><input type=\"hidden\" name=\"cf_working\" id=\"cf_working\" value=\"<span>Einen Moment bitte..<\/span>\"\/><input type=\"hidden\" name=\"cf_failure\" id=\"cf_failure\" value=\"<span>Bitte f\u00fcllen Sie alle Felder aus!<\/span>\"\/><input type=\"hidden\" name=\"cf_customerr\" id=\"cf_customerr\" value=\"y\"\/><\/fieldset><p class=\"cf-sb\"><input type=\"submit\" name=\"sendbutton\" id=\"sendbutton\" class=\"sendbutton\" value=\"kostenpflichtig bestellen\" \/><\/p><\/form><div id=\"usermessageb\" class=\"cf_info \" ><\/div>\n<p>Reservierungen per Fax sind ebenfalls m\u00f6glich, senden Sie Ihre Bestellung bitte an<br \/>\ndie 0361 \/ 24 11 6 22.<\/p>\n<p><span style=\"color: #6f333f;\"><strong>Versandarten:<\/strong><\/span><br \/>\n<strong>Best\u00e4tigung per Mail:<\/strong> Sie erhalten Ihre Teilnahmebest\u00e4tigung nach Zahlungseingang als E-Mail.<br \/>\n<strong>Selbstabholung:<\/strong> Dienstag bis Freitag 10:00-18:00 Uhr \/ Samstag 10:00-14:00 Uhr in der Rudolst\u00e4dter Str. 167, Erfurt-Urbich, Terminabsprache w\u00fcnschenswert<br \/>\n<strong>Standard:<\/strong> Versand als Klappkarte mit dem Gutschein per Post, zzgl. Versandkosten 5,00 \u20ac<\/p>\n<p><strong>Bankverbindung:<\/strong><br \/>\n<strong>EOBAN Programmkontor GmbH, Veranstaltungs- und Werbeagentur<\/strong><br \/>\n<strong>Deutsche Kreditbank<br \/>\nIBAN: DE97 1203 0000 0000 92 19 24 | SWIFT\/BIC: BYLADEM1001<\/strong><\/p>\n<p>Bitte als Zahlungsgrund den Teilnehmer und den Kurs vermerken.<\/p><\/p>\n","protected":false},"excerpt":{"rendered":"<p>Nur noch wenige Klicks bis zu Ihrem Grillkurs! Bitte beachten Sie folgende Bedingungen: Nur mit einer Anmeldung f\u00fcr einen konkreten Termin ist der Besuch eines Kurses m\u00f6glich. Die Anmeldung erfolgt \u00fcber den Kauf eines Tickets (Direktbestellung) oder die termingenaue Einl\u00f6sung eines Gutscheines. Nach Verf\u00fcgbarkeit wird die Anmeldung durch die Gutscheineinl\u00f6sung (K\u00e4stchen Gutschein) verbindlich. Die Kurse [&hellip;]<\/p>\n","protected":false},"author":1,"featured_media":0,"parent":0,"menu_order":6,"comment_status":"closed","ping_status":"open","template":"","meta":[],"_links":{"self":[{"href":"https:\/\/www.grillweltmeister.de\/index.php?rest_route=\/wp\/v2\/pages\/3"}],"collection":[{"href":"https:\/\/www.grillweltmeister.de\/index.php?rest_route=\/wp\/v2\/pages"}],"about":[{"href":"https:\/\/www.grillweltmeister.de\/index.php?rest_route=\/wp\/v2\/types\/page"}],"author":[{"embeddable":true,"href":"https:\/\/www.grillweltmeister.de\/index.php?rest_route=\/wp\/v2\/users\/1"}],"replies":[{"embeddable":true,"href":"https:\/\/www.grillweltmeister.de\/index.php?rest_route=%2Fwp%2Fv2%2Fcomments&post=3"}],"version-history":[{"count":38,"href":"https:\/\/www.grillweltmeister.de\/index.php?rest_route=\/wp\/v2\/pages\/3\/revisions"}],"predecessor-version":[{"id":2325,"href":"https:\/\/www.grillweltmeister.de\/index.php?rest_route=\/wp\/v2\/pages\/3\/revisions\/2325"}],"wp:attachment":[{"href":"https:\/\/www.grillweltmeister.de\/index.php?rest_route=%2Fwp%2Fv2%2Fmedia&parent=3"}],"curies":[{"name":"wp","href":"https:\/\/api.w.org\/{rel}","templated":true}]}}